{"id":1835,"date":"2014-05-01T21:24:47","date_gmt":"2014-05-01T19:24:47","guid":{"rendered":"http:\/\/www.bikerfruehstueck.net\/wp\/calendar\/"},"modified":"2025-12-29T20:06:18","modified_gmt":"2025-12-29T19:06:18","slug":"bikerkalender","status":"publish","type":"page","link":"https:\/\/www.bikerfruehstueck.net\/wp\/bikerkalender\/","title":{"rendered":"Bikerkalender 2026"},"content":{"rendered":"<div class=\"wp-block-image\">\r\n<figure class=\"alignright\"><img loading=\"lazy\" decoding=\"async\" width=\"150\" height=\"150\" class=\"wp-image-1813\" src=\"http:\/\/www.bikerfruehstueck.net\/wp\/wp-content\/uploads\/2014\/05\/Fotolia_21493070_XS1-150x150.jpg\" alt=\"Motorradfahrer_150x150\"><\/figure>\r\n<\/div>\r\n\r\n\r\n<p>In dem Kalender werden die <span style=\"color: #0000ff;\">Events<\/span>, <span style=\"color: #3adf00;\">Touren<\/span>, <span style=\"color: #ffbf00;\">interessante Veranstaltungen<\/span> und <span style=\"color: #ff0000;\">Stammtischtermine<\/span> von den Bikern f\u00fcr die Biker ver\u00f6ffentlicht.<\/p>\r\n\r\n\r\n\r\n<p>Wenn Ihr eine Veranstaltung in den Kalender aufnehmen lassen wollt, bitte mit den entsprechenden Informationen an <a href=\"mailto:catrin@bikerfruehstueck.net\"> catrin &lt; at &gt; bikerfruehstueck.net <\/a> schicken.<\/p>\r\n\r\n\r\n<hr class=\"wp-block-separator has-css-opacity\">\r\n\r\n\r\n<p>Als kompakte \u00dcbersicht f\u00fcr 2026 gibt&#8217;s den Flyer hier:&nbsp; <a href=\"http:\/\/www.bikerfruehstueck.net\/wp\/wp-content\/uploads\/2025\/12\/Tourenplan-u-Ralley-2026.pdf\">Tourenplan-Flyer-2026<\/a><br>Anmerkung: es kommen im Laufe der Zeit neue Termine hinzu, welche wir auf dem Flyer leider nicht mit ausdrucken konnten. Daher empfiehlt es sich, \u00f6fter mal auf den hier aktuell gehaltenen Kalender zu schauen.<\/p>\r\n\r\n\r\n\r\n<p>&nbsp;<\/p>\r\n\r\n\r\n\r\n<p>Achtung!<br>Wir sind&nbsp;<strong>kein<\/strong>&nbsp;Veranstalter. Wir \u00fcbernehmen keine Haftung f\u00fcr Sch\u00e4den oder Verlust vor, w\u00e4hrend und nach der Tour.<br>Jeder Teilnehmer hat eigenst\u00e4ndig darauf zu achten, dass die gesetzlich vorgeschriebene Fahrt\u00fcchtigkeit der Person u. des Fahrzeuges gegeben ist.<\/p>\r\n","protected":false},"excerpt":{"rendered":"<p>In dem Kalender werden die Events, Touren, interessante Veranstaltungen und Stammtischtermine von den Bikern f\u00fcr die Biker ver\u00f6ffentlicht. Wenn Ihr eine Veranstaltung in den Kalender aufnehmen lassen wollt, bitte mit den entsprechenden Informationen an catrin &lt; at &gt; bikerfruehstueck.net schicken. Als kompakte \u00dcbersicht f\u00fcr 2026 gibt&#8217;s den Flyer hier:&nbsp; Tourenplan-Flyer-2026Anmerkung: &#8230;<\/p>\n","protected":false},"author":1,"featured_media":0,"parent":0,"menu_order":5,"comment_status":"closed","ping_status":"closed","template":"","meta":{"ngg_post_thumbnail":0,"footnotes":""},"class_list":["post-1835","page","type-page","status-publish","hentry","column","onecol"],"_links":{"self":[{"href":"https:\/\/www.bikerfruehstueck.net\/wp\/wp-json\/wp\/v2\/pages\/1835","targetHints":{"allow":["GET"]}}],"collection":[{"href":"https:\/\/www.bikerfruehstueck.net\/wp\/wp-json\/wp\/v2\/pages"}],"about":[{"href":"https:\/\/www.bikerfruehstueck.net\/wp\/wp-json\/wp\/v2\/types\/page"}],"author":[{"embeddable":true,"href":"https:\/\/www.bikerfruehstueck.net\/wp\/wp-json\/wp\/v2\/users\/1"}],"replies":[{"embeddable":true,"href":"https:\/\/www.bikerfruehstueck.net\/wp\/wp-json\/wp\/v2\/comments?post=1835"}],"version-history":[{"count":32,"href":"https:\/\/www.bikerfruehstueck.net\/wp\/wp-json\/wp\/v2\/pages\/1835\/revisions"}],"predecessor-version":[{"id":9261,"href":"https:\/\/www.bikerfruehstueck.net\/wp\/wp-json\/wp\/v2\/pages\/1835\/revisions\/9261"}],"wp:attachment":[{"href":"https:\/\/www.bikerfruehstueck.net\/wp\/wp-json\/wp\/v2\/media?parent=1835"}],"curies":[{"name":"wp","href":"https:\/\/api.w.org\/{rel}","templated":true}]}}